{"id":67,"date":"2018-06-01T11:56:21","date_gmt":"2018-06-01T11:56:21","guid":{"rendered":"https:\/\/gk-it.com\/gk-it\/?page_id=67"},"modified":"2018-06-01T17:58:29","modified_gmt":"2018-06-01T17:58:29","slug":"startseite","status":"publish","type":"page","link":"https:\/\/www.gk-it.com\/gk-it\/","title":{"rendered":"Startseite"},"content":{"rendered":"<div id=\"metaslider-id-70\" style=\"max-width: falsepx;\" class=\"ml-slider-3-31-0 metaslider metaslider-flex metaslider-70 ml-slider ms-theme-default\">\n    <div id=\"metaslider_container_70\">\n        <div id=\"metaslider_70\">\n            <ul aria-live=\"polite\" class=\"slides\">\n                <li style=\"display: block; width: 100%;\" class=\"slide-206 ms-image\"><img src=\"https:\/\/www.gk-it.com\/gk-it\/wp-content\/uploads\/2018\/06\/banner1-0x330.jpg\" height=\"330\" alt=\"\" class=\"slider-70 slide-206\" title=\"banner1\" \/><\/li>\n            <\/ul>\n        <\/div>\n        \n    <\/div>\n<\/div>\n<p><strong>Sie sind ein mittelst\u00e4ndisches Unternehmen und suchen einen kompetenten IT-Dienstleister?<\/strong><\/p>\n<p style=\"text-align: justify;\">Information und Kommunikation sind die Erfolgsfaktoren in der heutigen Gesch\u00e4ftswelt. Eine auf die Arbeitsabl\u00e4ufe im Unternehmen optimal eingerichtete EDV bringt entscheidende Vorteile.<\/p>\n<p style=\"text-align: justify;\">Wir, ein junges Unternehmen mit langj\u00e4hriger Erfahrung im Bereich IT-Support, Planung und Entwicklung bieten Ihnen professionelle und innovative L\u00f6sungen f\u00fcr Ihr Unternehmen. Wir arbeiten mit modernen Technologien und legen gro\u00dfen Wert auf Sicherheit, Stabilit\u00e4t und Zukunftssicherheit. Dazu geh\u00f6rt gute Beratung und das entsprechende Fachwissen um Ihr Computer-System an Ihre Bed\u00fcrfnisse anzupassen.<\/p>\n<p style=\"text-align: justify;\">Als Lieferant namhafter Hersteller f\u00fcr Hard- und Software bieten wir Ihnen ein abgerundetes Portfolio f\u00fcr den Betrieb und der Erweiterung Ihrer IT-Infrastruktur.<\/p>\n","protected":false},"excerpt":{"rendered":"<p>Sie sind ein mittelst\u00e4ndisches Unternehmen und suchen einen kompetenten IT-Dienstleister? Information und Kommunikation sind die Erfolgsfaktoren in der heutigen Gesch\u00e4ftswelt. Eine auf die Arbeitsabl\u00e4ufe im Unternehmen optimal eingerichtete EDV bringt entscheidende Vorteile. Wir, ein junges Unternehmen mit langj\u00e4hriger Erfahrung im Bereich IT-Support, Planung und Entwicklung bieten Ihnen professionelle und innovative L\u00f6sungen f\u00fcr Ihr Unternehmen. Wir &#8230; <a title=\"Startseite\" class=\"read-more\" href=\"https:\/\/www.gk-it.com\/gk-it\/\" aria-label=\"Mehr dazu unter Startseite\">Weiterlesen<\/a><\/p>\n","protected":false},"author":1,"featured_media":0,"parent":0,"menu_order":0,"comment_status":"closed","ping_status":"closed","template":"","meta":[],"_links":{"self":[{"href":"https:\/\/www.gk-it.com\/gk-it\/wp-json\/wp\/v2\/pages\/67"}],"collection":[{"href":"https:\/\/www.gk-it.com\/gk-it\/wp-json\/wp\/v2\/pages"}],"about":[{"href":"https:\/\/www.gk-it.com\/gk-it\/wp-json\/wp\/v2\/types\/page"}],"author":[{"embeddable":true,"href":"https:\/\/www.gk-it.com\/gk-it\/wp-json\/wp\/v2\/users\/1"}],"replies":[{"embeddable":true,"href":"https:\/\/www.gk-it.com\/gk-it\/wp-json\/wp\/v2\/comments?post=67"}],"version-history":[{"count":6,"href":"https:\/\/www.gk-it.com\/gk-it\/wp-json\/wp\/v2\/pages\/67\/revisions"}],"predecessor-version":[{"id":137,"href":"https:\/\/www.gk-it.com\/gk-it\/wp-json\/wp\/v2\/pages\/67\/revisions\/137"}],"wp:attachment":[{"href":"https:\/\/www.gk-it.com\/gk-it\/wp-json\/wp\/v2\/media?parent=67"}],"curies":[{"name":"wp","href":"https:\/\/api.w.org\/{rel}","templated":true}]}}